{"id":10,"date":"2016-08-10T08:51:55","date_gmt":"2016-08-10T08:51:55","guid":{"rendered":"https:\/\/bonafortuna.org\/svenska\/?page_id=10"},"modified":"2019-02-20T10:21:01","modified_gmt":"2019-02-20T09:21:01","slug":"kontakta-oss","status":"publish","type":"page","link":"https:\/\/bonafortuna.org\/svenska\/kontakta-oss\/","title":{"rendered":"Kontakt"},"content":{"rendered":"<p><div class=\"fusion-fullwidth fullwidth-box fusion-builder-row-1 hundred-percent-fullwidth non-hundred-percent-height-scrolling fusion-equal-height-columns\" style=\"background-color: rgba(255,255,255,0);background-position: left top;background-repeat: no-repeat;padding-top:20px;padding-right:0px;padding-bottom:10px;padding-left:0px;margin-bottom: 0px;margin-top: 0px;border-width: 0px 0px 0px 0px;border-color:#eae9e9;border-style:solid;\" ><div class=\"fusion-builder-row fusion-row\"><div class=\"fusion-layout-column fusion_builder_column fusion-builder-column-0 fusion_builder_column_1_3 1_3 fusion-one-third fusion-column-first\" style=\"width:33.333333333333%;width:calc(33.333333333333% - ( ( 4% + 4% ) * 0.33333333333333 ) );margin-right: 4%;margin-top:0px;margin-bottom:20px;\"><div class=\"fusion-column-wrapper fusion-flex-column-wrapper-legacy\" style=\"background-image: url(&#039;https:\/\/bonafortuna.org\/svenska\/wp-content\/uploads\/2016\/08\/donate2.jpg&#039;);background-position:left top;background-repeat:no-repeat;-webkit-background-size:cover;-moz-background-size:cover;-o-background-size:cover;background-size:cover;border:2px solid #3a3a3a;padding: 25px 30px 25px 30px;\" data-bg-url=\"https:\/\/bonafortuna.org\/svenska\/wp-content\/uploads\/2016\/08\/donate2.jpg\"><div class=\"fusion-text fusion-text-1\"><h4>Vi tror p\u00e5 dialogen som v\u00e4gen fram\u00e5t.<\/h4>\n<\/div><div class=\"fusion-clearfix\"><\/div><\/div><\/div><div class=\"fusion-layout-column fusion_builder_column fusion-builder-column-1 fusion_builder_column_1_3 1_3 fusion-one-third fusion-column-no-min-height\" style=\"width:33.333333333333%;width:calc(33.333333333333% - ( ( 4% + 4% ) * 0.33333333333333 ) );margin-right: 4%;margin-top:0px;margin-bottom:20px;\"><div class=\"fusion-column-wrapper fusion-flex-column-wrapper-legacy\" style=\"background-position:left top;background-repeat:no-repeat;-webkit-background-size:cover;-moz-background-size:cover;-o-background-size:cover;background-size:cover;border:2px solid #a3a3a3;padding: 20px 30px 20px 30px;\"><div class=\"fusion-text fusion-text-2\"><p>[wpforms id=&#8221;7187&#8243; title=&#8221;false&#8221; description=&#8221;false&#8221;]<\/p>\n<\/div><div class=\"fusion-clearfix\"><\/div><\/div><\/div><div class=\"fusion-layout-column fusion_builder_column fusion-builder-column-2 fusion_builder_column_1_3 1_3 fusion-one-third fusion-column-last\" style=\"width:33.333333333333%;width:calc(33.333333333333% - ( ( 4% + 4% ) * 0.33333333333333 ) );margin-top:0px;margin-bottom:20px;\"><div class=\"fusion-column-wrapper fusion-flex-column-wrapper-legacy\" style=\"background-position:left top;background-repeat:no-repeat;-webkit-background-size:cover;-moz-background-size:cover;-o-background-size:cover;background-size:cover;border:2px solid #a3a3a3;padding: 0px 0px 0px 0px;\"><div class=\"fusion-column-content-centered\"><div class=\"fusion-column-content\"><div class=\"fusion-text fusion-text-3\"><p style=\"text-align: center;\"><strong><br \/>\nE-mail:<\/strong><br \/>\n<a href=\"mailto:hans@bonafortuna.org\">hans@bonafortuna.org<\/a><br \/>\nHans Erling Jensen &#8211; Ordf\u00f6rande<\/p>\n<p style=\"text-align: center;\"><strong>Telefon:<\/strong><br \/>\nSE 0707 855 750<br \/>\nDK 3151 2046<\/p>\n<p style=\"text-align: center;\"><strong>Bes\u00f6ksadress:<\/strong><br \/>\nByggm\u00e4staregatan 3<br \/>\n27575 L\u00f6vestad<br \/>\nSverige<\/p>\n<\/div><\/div><\/div><div class=\"fusion-clearfix\"><\/div><\/div><\/div><\/div><\/div><div class=\"fusion-fullwidth fullwidth-box fusion-builder-row-2 fusion-parallax-none nonhundred-percent-fullwidth non-hundred-percent-height-scrolling fusion-equal-height-columns\" style=\"background-color: rgba(255,255,255,0);background-image: url(&quot;https:\/\/bonafortuna.org\/svenska\/wp-content\/uploads\/2018\/09\/home-footer.jpg&quot;);background-position: center center;background-repeat: no-repeat;padding-top:0px;padding-right:0px;padding-bottom:0px;padding-left:0px;margin-bottom: 0px;margin-top: 0px;border-width: 0px 0px 0px 0px;border-color:#eae9e9;border-style:solid;-webkit-background-size:cover;-moz-background-size:cover;-o-background-size:cover;background-size:cover;\" ><div class=\"fusion-builder-row fusion-row\"><div class=\"fusion-layout-column fusion_builder_column fusion-builder-column-3 fusion_builder_column_1_1 1_1 fusion-one-full fusion-column-first fusion-column-last\" style=\"margin-top:0px;margin-bottom:0px;\"><div class=\"fusion-column-wrapper fusion-flex-column-wrapper-legacy\" style=\"background-position:left top;background-repeat:no-repeat;-webkit-background-size:cover;-moz-background-size:cover;-o-background-size:cover;background-size:cover;padding: 25px 11% 10px 11%;\"><div class=\"fusion-text fusion-text-4\"><h2 style=\"text-align: center; color: #fff;\">VAR MED ATT G\u00d6RA SKILLNAD!<\/h2>\n<\/div><div class=\"fusion-sep-clear\"><\/div><div class=\"fusion-separator\" style=\"margin-left: auto;margin-right: auto;margin-top:5px;margin-bottom:30px;width:100%;max-width:200px;\"><div class=\"fusion-separator-border sep-single sep-solid\" style=\"border-color:#f6861f;border-top-width:4px;\"><\/div><\/div><div class=\"fusion-sep-clear\"><\/div><div class=\"fusion-text fusion-text-5\"><p style=\"text-align: center; font-size: 20px; color: #fff; font-weight: 300;\">S\u00e5 l\u00e4nge fattigdom, or\u00e4ttvisor, f\u00f6rf\u00f6ljelser och annat el\u00e4nde fortfarande existerar g\u00e5r det inte att slappna av. Det kostar inte all v\u00e4rldens tid eller pengar att vara med och hj\u00e4lpa de mest utsatta p\u00e5 riktigt! H\u00e4ng med nu och var med att f\u00f6r\u00e4ndra du ocks\u00e5\u2026!<\/p>\n<\/div><div class=\"fusion-builder-row fusion-builder-row-inner fusion-row\"><div class=\"fusion-layout-column fusion_builder_column_inner fusion-builder-nested-column-0 fusion_builder_column_inner_1_4 1_4 fusion-one-fourth fusion-column-first\" style=\"width:25%;width:calc(25% - ( ( 0px + 0px + 0px ) * 0.25 ) );margin-right: 0px;margin-top:0px;margin-bottom:20px;\"><div class=\"fusion-column-wrapper fusion-flex-column-wrapper-legacy\" style=\"background-position:left top;background-repeat:no-repeat;-webkit-background-size:cover;-moz-background-size:cover;-o-background-size:cover;background-size:cover;padding: 25px 0px 0px 0px;\"><div class=\"fusion-clearfix\"><\/div><\/div><\/div><div class=\"fusion-layout-column fusion_builder_column_inner fusion-builder-nested-column-1 fusion_builder_column_inner_1_4 1_4 fusion-one-fourth\" style=\"width:25%;width:calc(25% - ( ( 0px + 0px + 0px ) * 0.25 ) );margin-right: 0px;margin-top:0px;margin-bottom:0px;\"><div class=\"fusion-column-wrapper fusion-flex-column-wrapper-legacy\" style=\"background-position:left top;background-repeat:no-repeat;-webkit-background-size:cover;-moz-background-size:cover;-o-background-size:cover;background-size:cover;padding: 30px 5px 0px 0px;\"><div class=\"fusion-aligncenter\"><style type=\"text\/css\">.fusion-button.button-1 .fusion-button-text, .fusion-button.button-1 i {color:#f6861f;}.fusion-button.button-1 .fusion-button-icon-divider{border-color:#f6861f;}.fusion-button.button-1:hover .fusion-button-text, .fusion-button.button-1:hover i,.fusion-button.button-1:focus .fusion-button-text, .fusion-button.button-1:focus i,.fusion-button.button-1:active .fusion-button-text, .fusion-button.button-1:active{color:#c33e3f;}.fusion-button.button-1:hover .fusion-button-icon-divider, .fusion-button.button-1:hover .fusion-button-icon-divider, .fusion-button.button-1:active .fusion-button-icon-divider{border-color:#c33e3f;}.fusion-button.button-1:hover, .fusion-button.button-1:focus, .fusion-button.button-1:active{border-color:#c33e3f;border-width:2px;}.fusion-button.button-1 {border-color:#f6861f;border-width:2px;border-radius:0px;}.fusion-button.button-1{background: rgba(254,201,107,0);}.fusion-button.button-1:hover,.button-1:focus,.fusion-button.button-1:active{background: rgba(0,0,0,0);}<\/style><a class=\"fusion-button button-flat fusion-button-default-size button-custom button-1 fusion-button-span-no fusion-button-default-type\" target=\"_self\" href=\"https:\/\/bonafortuna.org\/svenska\"><i class=\"fa-exclamation-circle fas button-icon-left\" aria-hidden=\"true\"><\/i><span class=\"fusion-button-text\">S\u00c5 G\u00d6R VI<\/span><\/a><\/div><div class=\"fusion-clearfix\"><\/div><\/div><\/div><div class=\"fusion-layout-column fusion_builder_column_inner fusion-builder-nested-column-2 fusion_builder_column_inner_1_4 1_4 fusion-one-fourth\" style=\"width:25%;width:calc(25% - ( ( 0px + 0px + 0px ) * 0.25 ) );margin-right: 0px;margin-top:0px;margin-bottom:0px;\"><div class=\"fusion-column-wrapper fusion-flex-column-wrapper-legacy\" style=\"background-position:left top;background-repeat:no-repeat;-webkit-background-size:cover;-moz-background-size:cover;-o-background-size:cover;background-size:cover;padding: 30px 5px 0px 5px;\"><div class=\"fusion-align-block\"><style type=\"text\/css\">.fusion-button.button-2 .fusion-button-text, .fusion-button.button-2 i {color:#f6861f;}.fusion-button.button-2 .fusion-button-icon-divider{border-color:#f6861f;}.fusion-button.button-2:hover .fusion-button-text, .fusion-button.button-2:hover i,.fusion-button.button-2:focus .fusion-button-text, .fusion-button.button-2:focus i,.fusion-button.button-2:active .fusion-button-text, .fusion-button.button-2:active{color:#c33e3f;}.fusion-button.button-2:hover .fusion-button-icon-divider, .fusion-button.button-2:hover .fusion-button-icon-divider, .fusion-button.button-2:active .fusion-button-icon-divider{border-color:#c33e3f;}.fusion-button.button-2:hover, .fusion-button.button-2:focus, .fusion-button.button-2:active{border-color:#c33e3f;border-width:2px;}.fusion-button.button-2 {border-color:#f6861f;border-width:2px;border-radius:0px;}.fusion-button.button-2{background: rgba(254,201,107,0);}.fusion-button.button-2:hover,.button-2:focus,.fusion-button.button-2:active{background: #ffffff;}<\/style><a class=\"fusion-button button-flat fusion-button-default-size button-custom button-2 fusion-button-default-span fusion-button-default-type\" target=\"_self\" href=\"https:\/\/bonafortuna.org\/svenska\/donera-till-bona-fortuna\/\"><i class=\"fa-money-bill-wave fas button-icon-left\" aria-hidden=\"true\"><\/i><span class=\"fusion-button-text\">ST\u00d6D OSS<\/span><\/a><\/div><div class=\"fusion-clearfix\"><\/div><\/div><\/div><div class=\"fusion-layout-column fusion_builder_column_inner fusion-builder-nested-column-3 fusion_builder_column_inner_1_4 1_4 fusion-one-fourth fusion-column-last\" style=\"width:25%;width:calc(25% - ( ( 0px + 0px + 0px ) * 0.25 ) );margin-top:0px;margin-bottom:20px;\"><div class=\"fusion-column-wrapper fusion-flex-column-wrapper-legacy\" style=\"background-position:left top;background-repeat:no-repeat;-webkit-background-size:cover;-moz-background-size:cover;-o-background-size:cover;background-size:cover;padding: 0px 0px 0px 0px;\"><div class=\"fusion-clearfix\"><\/div><\/div><\/div><\/div><div class=\"fusion-clearfix\"><\/div><\/div><\/div><\/div><\/div><\/p>\n","protected":false},"excerpt":{"rendered":"","protected":false},"author":1,"featured_media":7393,"parent":0,"menu_order":0,"comment_status":"closed","ping_status":"closed","template":"100-width.php","meta":{"footnotes":""},"class_list":["post-10","page","type-page","status-publish","has-post-thumbnail","hentry"],"yoast_head":"<!-- This site is optimized with the Yoast SEO plugin v27.5 - https:\/\/yoast.com\/product\/yoast-seo-wordpress\/ -->\n<title>Kontakta Bona Fortuna International direkt per telefon eller mejl<\/title>\n<meta name=\"description\" content=\"Ring eller skriv direkte till Bona Fortunas ordf\u00f6rande eller fyll i formul\u00e4ret om du har mer allm\u00e4nna fr\u00e5gor och g\u00e4rna avvaktar med den personliga kontakten\" \/>\n<meta name=\"robots\" content=\"index, follow, max-snippet:-1, max-image-preview:large, max-video-preview:-1\" \/>\n<link rel=\"canonical\" href=\"https:\/\/bonafortuna.org\/svenska\/kontakta-oss\/\" \/>\n<meta property=\"og:locale\" content=\"sv_SE\" \/>\n<meta property=\"og:type\" content=\"article\" \/>\n<meta property=\"og:title\" content=\"Kontakta Bona Fortuna International direkt per telefon eller mejl\" \/>\n<meta property=\"og:description\" content=\"Kontakta organisationens ordf\u00f6rande direkt h\u00e4r - eller st\u00e4ll din fr\u00e5ga via v\u00e5r kontaktformul\u00e4r\" \/>\n<meta property=\"og:url\" content=\"https:\/\/bonafortuna.org\/svenska\/kontakta-oss\/\" \/>\n<meta property=\"og:site_name\" content=\"BONA FORTUNA\" \/>\n<meta property=\"article:publisher\" content=\"https:\/\/www.facebook.com\/novadux\" \/>\n<meta property=\"article:modified_time\" content=\"2019-02-20T09:21:01+00:00\" \/>\n<meta property=\"og:image\" content=\"https:\/\/bonafortuna.org\/svenska\/wp-content\/uploads\/2018\/08\/Barn-utbildning-FEATURED.jpg\" \/>\n\t<meta property=\"og:image:width\" content=\"800\" \/>\n\t<meta property=\"og:image:height\" content=\"457\" \/>\n\t<meta property=\"og:image:type\" content=\"image\/jpeg\" \/>\n<meta name=\"twitter:card\" content=\"summary_large_image\" \/>\n<meta name=\"twitter:label1\" content=\"Ber\u00e4knad l\u00e4stid\" \/>\n\t<meta name=\"twitter:data1\" content=\"6 minuter\" \/>\n<script type=\"application\/ld+json\" class=\"yoast-schema-graph\">{\"@context\":\"https:\\\/\\\/schema.org\",\"@graph\":[{\"@type\":\"WebPage\",\"@id\":\"https:\\\/\\\/bonafortuna.org\\\/svenska\\\/kontakta-oss\\\/\",\"url\":\"https:\\\/\\\/bonafortuna.org\\\/svenska\\\/kontakta-oss\\\/\",\"name\":\"Kontakta Bona Fortuna International direkt per telefon eller mejl\",\"isPartOf\":{\"@id\":\"https:\\\/\\\/bonafortuna.org\\\/svenska\\\/#website\"},\"primaryImageOfPage\":{\"@id\":\"https:\\\/\\\/bonafortuna.org\\\/svenska\\\/kontakta-oss\\\/#primaryimage\"},\"image\":{\"@id\":\"https:\\\/\\\/bonafortuna.org\\\/svenska\\\/kontakta-oss\\\/#primaryimage\"},\"thumbnailUrl\":\"https:\\\/\\\/bonafortuna.org\\\/svenska\\\/wp-content\\\/uploads\\\/2017\\\/02\\\/Girls-kontakt-1.jpg\",\"datePublished\":\"2016-08-10T08:51:55+00:00\",\"dateModified\":\"2019-02-20T09:21:01+00:00\",\"description\":\"Ring eller skriv direkte till Bona Fortunas ordf\u00f6rande eller fyll i formul\u00e4ret om du har mer allm\u00e4nna fr\u00e5gor och g\u00e4rna avvaktar med den personliga kontakten\",\"breadcrumb\":{\"@id\":\"https:\\\/\\\/bonafortuna.org\\\/svenska\\\/kontakta-oss\\\/#breadcrumb\"},\"inLanguage\":\"sv-SE\",\"potentialAction\":[{\"@type\":\"ReadAction\",\"target\":[\"https:\\\/\\\/bonafortuna.org\\\/svenska\\\/kontakta-oss\\\/\"]}]},{\"@type\":\"ImageObject\",\"inLanguage\":\"sv-SE\",\"@id\":\"https:\\\/\\\/bonafortuna.org\\\/svenska\\\/kontakta-oss\\\/#primaryimage\",\"url\":\"https:\\\/\\\/bonafortuna.org\\\/svenska\\\/wp-content\\\/uploads\\\/2017\\\/02\\\/Girls-kontakt-1.jpg\",\"contentUrl\":\"https:\\\/\\\/bonafortuna.org\\\/svenska\\\/wp-content\\\/uploads\\\/2017\\\/02\\\/Girls-kontakt-1.jpg\",\"width\":2100,\"height\":1200},{\"@type\":\"BreadcrumbList\",\"@id\":\"https:\\\/\\\/bonafortuna.org\\\/svenska\\\/kontakta-oss\\\/#breadcrumb\",\"itemListElement\":[{\"@type\":\"ListItem\",\"position\":1,\"name\":\"Home\",\"item\":\"https:\\\/\\\/bonafortuna.org\\\/svenska\\\/\"},{\"@type\":\"ListItem\",\"position\":2,\"name\":\"Kontakt\"}]},{\"@type\":\"WebSite\",\"@id\":\"https:\\\/\\\/bonafortuna.org\\\/svenska\\\/#website\",\"url\":\"https:\\\/\\\/bonafortuna.org\\\/svenska\\\/\",\"name\":\"BONA FORTUNA\",\"description\":\"\",\"potentialAction\":[{\"@type\":\"SearchAction\",\"target\":{\"@type\":\"EntryPoint\",\"urlTemplate\":\"https:\\\/\\\/bonafortuna.org\\\/svenska\\\/?s={search_term_string}\"},\"query-input\":{\"@type\":\"PropertyValueSpecification\",\"valueRequired\":true,\"valueName\":\"search_term_string\"}}],\"inLanguage\":\"sv-SE\"}]}<\/script>\n<!-- \/ Yoast SEO plugin. -->","yoast_head_json":{"title":"Kontakta Bona Fortuna International direkt per telefon eller mejl","description":"Ring eller skriv direkte till Bona Fortunas ordf\u00f6rande eller fyll i formul\u00e4ret om du har mer allm\u00e4nna fr\u00e5gor och g\u00e4rna avvaktar med den personliga kontakten","robots":{"index":"index","follow":"follow","max-snippet":"max-snippet:-1","max-image-preview":"max-image-preview:large","max-video-preview":"max-video-preview:-1"},"canonical":"https:\/\/bonafortuna.org\/svenska\/kontakta-oss\/","og_locale":"sv_SE","og_type":"article","og_title":"Kontakta Bona Fortuna International direkt per telefon eller mejl","og_description":"Kontakta organisationens ordf\u00f6rande direkt h\u00e4r - eller st\u00e4ll din fr\u00e5ga via v\u00e5r kontaktformul\u00e4r","og_url":"https:\/\/bonafortuna.org\/svenska\/kontakta-oss\/","og_site_name":"BONA FORTUNA","article_publisher":"https:\/\/www.facebook.com\/novadux","article_modified_time":"2019-02-20T09:21:01+00:00","og_image":[{"width":800,"height":457,"url":"https:\/\/bonafortuna.org\/svenska\/wp-content\/uploads\/2018\/08\/Barn-utbildning-FEATURED.jpg","type":"image\/jpeg"}],"twitter_card":"summary_large_image","twitter_misc":{"Ber\u00e4knad l\u00e4stid":"6 minuter"},"schema":{"@context":"https:\/\/schema.org","@graph":[{"@type":"WebPage","@id":"https:\/\/bonafortuna.org\/svenska\/kontakta-oss\/","url":"https:\/\/bonafortuna.org\/svenska\/kontakta-oss\/","name":"Kontakta Bona Fortuna International direkt per telefon eller mejl","isPartOf":{"@id":"https:\/\/bonafortuna.org\/svenska\/#website"},"primaryImageOfPage":{"@id":"https:\/\/bonafortuna.org\/svenska\/kontakta-oss\/#primaryimage"},"image":{"@id":"https:\/\/bonafortuna.org\/svenska\/kontakta-oss\/#primaryimage"},"thumbnailUrl":"https:\/\/bonafortuna.org\/svenska\/wp-content\/uploads\/2017\/02\/Girls-kontakt-1.jpg","datePublished":"2016-08-10T08:51:55+00:00","dateModified":"2019-02-20T09:21:01+00:00","description":"Ring eller skriv direkte till Bona Fortunas ordf\u00f6rande eller fyll i formul\u00e4ret om du har mer allm\u00e4nna fr\u00e5gor och g\u00e4rna avvaktar med den personliga kontakten","breadcrumb":{"@id":"https:\/\/bonafortuna.org\/svenska\/kontakta-oss\/#breadcrumb"},"inLanguage":"sv-SE","potentialAction":[{"@type":"ReadAction","target":["https:\/\/bonafortuna.org\/svenska\/kontakta-oss\/"]}]},{"@type":"ImageObject","inLanguage":"sv-SE","@id":"https:\/\/bonafortuna.org\/svenska\/kontakta-oss\/#primaryimage","url":"https:\/\/bonafortuna.org\/svenska\/wp-content\/uploads\/2017\/02\/Girls-kontakt-1.jpg","contentUrl":"https:\/\/bonafortuna.org\/svenska\/wp-content\/uploads\/2017\/02\/Girls-kontakt-1.jpg","width":2100,"height":1200},{"@type":"BreadcrumbList","@id":"https:\/\/bonafortuna.org\/svenska\/kontakta-oss\/#breadcrumb","itemListElement":[{"@type":"ListItem","position":1,"name":"Home","item":"https:\/\/bonafortuna.org\/svenska\/"},{"@type":"ListItem","position":2,"name":"Kontakt"}]},{"@type":"WebSite","@id":"https:\/\/bonafortuna.org\/svenska\/#website","url":"https:\/\/bonafortuna.org\/svenska\/","name":"BONA FORTUNA","description":"","potentialAction":[{"@type":"SearchAction","target":{"@type":"EntryPoint","urlTemplate":"https:\/\/bonafortuna.org\/svenska\/?s={search_term_string}"},"query-input":{"@type":"PropertyValueSpecification","valueRequired":true,"valueName":"search_term_string"}}],"inLanguage":"sv-SE"}]}},"_links":{"self":[{"href":"https:\/\/bonafortuna.org\/svenska\/wp-json\/wp\/v2\/pages\/10","targetHints":{"allow":["GET"]}}],"collection":[{"href":"https:\/\/bonafortuna.org\/svenska\/wp-json\/wp\/v2\/pages"}],"about":[{"href":"https:\/\/bonafortuna.org\/svenska\/wp-json\/wp\/v2\/types\/page"}],"author":[{"embeddable":true,"href":"https:\/\/bonafortuna.org\/svenska\/wp-json\/wp\/v2\/users\/1"}],"replies":[{"embeddable":true,"href":"https:\/\/bonafortuna.org\/svenska\/wp-json\/wp\/v2\/comments?post=10"}],"version-history":[{"count":42,"href":"https:\/\/bonafortuna.org\/svenska\/wp-json\/wp\/v2\/pages\/10\/revisions"}],"predecessor-version":[{"id":7668,"href":"https:\/\/bonafortuna.org\/svenska\/wp-json\/wp\/v2\/pages\/10\/revisions\/7668"}],"wp:featuredmedia":[{"embeddable":true,"href":"https:\/\/bonafortuna.org\/svenska\/wp-json\/wp\/v2\/media\/7393"}],"wp:attachment":[{"href":"https:\/\/bonafortuna.org\/svenska\/wp-json\/wp\/v2\/media?parent=10"}],"curies":[{"name":"wp","href":"https:\/\/api.w.org\/{rel}","templated":true}]}}